{"id":58270,"date":"2025-12-12T16:20:59","date_gmt":"2025-12-12T19:20:59","guid":{"rendered":"https:\/\/institutopsicanalise-mg.com.br\/revista_almanaque\/?page_id=58270"},"modified":"2026-03-01T09:43:47","modified_gmt":"2026-03-01T12:43:47","slug":"expediente","status":"publish","type":"page","link":"https:\/\/institutopsicanalise-mg.com.br\/revista_almanaque\/index.php\/expediente\/","title":{"rendered":"EXPEDIENTE"},"content":{"rendered":"<div class=\"wpb-content-wrapper\"><p>[vc_row bg_type=&#8221;image&#8221; parallax_style=&#8221;vcpb-vz-jquery&#8221; bg_image_new=&#8221;id^58473|url^https:\/\/institutopsicanalise-mg.com.br\/revista_almanaque\/wp-content\/uploads\/2025\/12\/letter_texture006.png|caption^null|alt^null|title^letter_texture006|description^null&#8221; bg_image_repeat=&#8221;no-repeat&#8221; bg_override=&#8221;full&#8221; enable_overlay=&#8221;enable_overlay_value&#8221; overlay_color=&#8221;#FFFFFF00&#8243; overlay_pattern=&#8221;transperant&#8221; overlay_pattern_opacity=&#8221;25&#8243; type=&#8221;vc_default&#8221; margin_top=&#8221;-50&#8243; css=&#8221;.vc_custom_1765705518146{margin-top: -80px !important;padding-top: 8% !important;padding-bottom: 8% !important;background-color: #000000 !important;}&#8221;][vc_column offset=&#8221;vc_col-lg-12 vc_col-md-12&#8243; css=&#8221;.vc_custom_1476030031960{padding-bottom: 10px !important;}&#8221;]<style type=\"text\/css\" data-type=\"the7_shortcodes-inline-css\">.dt-shortcode-icon.icon-c836491df84dcad149862cc3e63fb5a2 {\n  min-width: 64px;\n  min-height: 64px;\n  font-size: 64px;\n  border-radius: 100px;\n}\n.dt-shortcode-icon.icon-c836491df84dcad149862cc3e63fb5a2:last-child {\n  margin-right: 0;\n}\n.dt-shortcode-icon.icon-c836491df84dcad149862cc3e63fb5a2 .icon-inner {\n  margin: 0px;\n  min-width: 64px;\n  min-height: 64px;\n  border-radius: 100px;\n}\n.dt-shortcode-icon.icon-c836491df84dcad149862cc3e63fb5a2 .dt-hover-icon {\n  line-height: 64px;\n}\n.dt-shortcode-icon.icon-c836491df84dcad149862cc3e63fb5a2:before,\n.dt-shortcode-icon.icon-c836491df84dcad149862cc3e63fb5a2:after,\n.dt-shortcode-icon.icon-c836491df84dcad149862cc3e63fb5a2 .icon-inner:before,\n.dt-shortcode-icon.icon-c836491df84dcad149862cc3e63fb5a2 .icon-inner:after {\n  min-width: 100%;\n  min-height: 100%;\n  padding: inherit;\n  border-radius: inherit;\n}\n.dt-shortcode-icon.icon-c836491df84dcad149862cc3e63fb5a2.dt-icon-border-on:before {\n  border-width: 0px;\n  border-style: solid;\n}\n.dt-icon-border-dashed.dt-shortcode-icon.icon-c836491df84dcad149862cc3e63fb5a2.dt-icon-border-on:before {\n  border-style: dashed;\n}\n.dt-icon-border-dotted.dt-shortcode-icon.icon-c836491df84dcad149862cc3e63fb5a2.dt-icon-border-on:before {\n  border-style: dotted;\n}\n.dt-icon-border-double.dt-shortcode-icon.icon-c836491df84dcad149862cc3e63fb5a2.dt-icon-border-on:before {\n  border-style: double;\n}\n.dt-shortcode-icon.icon-c836491df84dcad149862cc3e63fb5a2.dt-icon-hover-border-on:after {\n  border-width: 0px;\n  border-style: solid;\n}\n.dt-icon-border-dashed.dt-shortcode-icon.icon-c836491df84dcad149862cc3e63fb5a2.dt-icon-hover-border-on:after {\n  border-style: dashed;\n}\n.dt-icon-border-dotted.dt-shortcode-icon.icon-c836491df84dcad149862cc3e63fb5a2.dt-icon-hover-border-on:after {\n  border-style: dotted;\n}\n.dt-icon-border-double.dt-shortcode-icon.icon-c836491df84dcad149862cc3e63fb5a2.dt-icon-hover-border-on:after {\n  border-style: double;\n}\n.dt-shortcode-icon.icon-c836491df84dcad149862cc3e63fb5a2.dt-icon-hover-on:hover {\n  font-size: 64px;\n}\n#page .dt-shortcode-icon.icon-c836491df84dcad149862cc3e63fb5a2.dt-icon-hover-on:hover .soc-font-icon,\n#phantom .dt-shortcode-icon.icon-c836491df84dcad149862cc3e63fb5a2.dt-icon-hover-on:hover .soc-font-icon,\n#page .dt-shortcode-icon.icon-c836491df84dcad149862cc3e63fb5a2.dt-icon-hover-on:hover .soc-icon,\n#phantom .dt-shortcode-icon.icon-c836491df84dcad149862cc3e63fb5a2.dt-icon-hover-on:hover .soc-icon {\n  color: #002C3F;\n  background: none;\n}\n#page .dt-shortcode-icon.icon-c836491df84dcad149862cc3e63fb5a2.dt-icon-hover-on:not(:hover) .soc-font-icon,\n#phantom .dt-shortcode-icon.icon-c836491df84dcad149862cc3e63fb5a2.dt-icon-hover-on:not(:hover) .soc-font-icon,\n#page .dt-shortcode-icon.icon-c836491df84dcad149862cc3e63fb5a2.dt-icon-hover-on:not(:hover) .soc-icon,\n#phantom .dt-shortcode-icon.icon-c836491df84dcad149862cc3e63fb5a2.dt-icon-hover-on:not(:hover) .soc-icon,\n#page .dt-shortcode-icon.icon-c836491df84dcad149862cc3e63fb5a2.dt-icon-hover-off .soc-font-icon,\n#phantom .dt-shortcode-icon.icon-c836491df84dcad149862cc3e63fb5a2.dt-icon-hover-off .soc-font-icon,\n#page .dt-shortcode-icon.icon-c836491df84dcad149862cc3e63fb5a2.dt-icon-hover-off .soc-icon,\n#phantom .dt-shortcode-icon.icon-c836491df84dcad149862cc3e63fb5a2.dt-icon-hover-off .soc-icon {\n  color: #002C3F;\n  background: none;\n}\n.dt-shortcode-icon.icon-c836491df84dcad149862cc3e63fb5a2 .soc-font-icon,\n.dt-shortcode-icon.icon-c836491df84dcad149862cc3e63fb5a2 .soc-icon {\n  font-size: 64px;\n}<\/style><div class=\"dt-shortcode-icon-wrap dt-icon-center \"><span  class=\"anchor-link fab fa-autoprefixer icon-c836491df84dcad149862cc3e63fb5a2 dt-shortcode-icon dt-icon-bg-off dt-icon-hover-on dt-icon-hover-bg-off dt-icon-animate-scale  vc_custom_1765705321804 \" ><span class=\"icon-inner\"><i class=\"dt-regular-icon soc-icon fab fa-autoprefixer\"><\/i><i class=\"dt-hover-icon soc-icon fab fa-autoprefixer\"><\/i><span class=\"screen-reader-text\"><\/span><\/span><\/span><\/div><div id=\"ultimate-heading-875869e46b4d6fcb9\" class=\"uvc-heading ult-adjust-bottom-margin ultimate-heading-875869e46b4d6fcb9 uvc-3241 \" data-hspacer=\"no_spacer\"  data-halign=\"center\" style=\"text-align:center\"><div class=\"uvc-heading-spacer no_spacer\" style=\"top\"><\/div><div class=\"uvc-main-heading ult-responsive\"  data-ultimate-target='.uvc-heading.ultimate-heading-875869e46b4d6fcb9 h3'  data-responsive-json-new='{\"font-size\":\"desktop:34px;mobile_landscape:20px;mobile:18px;\",\"line-height\":\"desktop:37px;mobile_landscape:30px;mobile:28px;\"}' ><h3 style=\"--font-weight:theme;color:#002C3F;margin-bottom:10px;\">EXPEDIENTE<\/h3><\/div><\/div>[\/vc_column][\/vc_row][vc_row][vc_column][vc_column_text css=&#8221;&#8221;]<\/p>\n<h3 style=\"text-align: justify;\"><span style=\"color: #000080;\">Expediente da revista Almanaque\u00a0<\/span><\/h3>\n<p style=\"text-align: justify;\">Revista Almanaque On-line \u00e9 uma publica\u00e7\u00e3o do Instituto de Psican\u00e1lise e Sa\u00fade Mental de Minas Gerais \u2013 IPSM-MG.<br \/>\nPeriodicidade: Semestral &#8211; ISSN:\u00a01982-5617<br \/>\nA reprodu\u00e7\u00e3o ou a cita\u00e7\u00e3o de fragmentos dos artigos \u00e9 autorizada, desde que acompanhada das devidas refer\u00eancias.<br \/>\nContato: <a href=\"mailto:ipsmminas@gmail.com\">ipsmminas@gmail.com<\/a><br \/>\nSede: Avenida Afonso Pena, 2770 \u2013 2<sup>o<\/sup>. andar, Funcion\u00e1rios.<br \/>\nCEP: 30130-007<br \/>\nTelefone: (31) 3275-3873 \/\u00a0\u00a0(31) 97510-4560<\/p>\n<hr \/>\n<p>&nbsp;<\/p>\n<p><strong>DIRETORIA DO INSTITUTO:<\/strong><\/p>\n<ul>\n<li>Diretora Geral: Lilany Pacheco<\/li>\n<li>Diretora Secret\u00e1ria-tesoureira: Lucia\u00adna Silviano Brand\u00e3o Lopes<\/li>\n<li>Diretora de publica\u00e7\u00e3o e divulga\u00e7\u00e3o: Maria Rita Guimar\u00e3es<\/li>\n<li>Diretora de Se\u00e7\u00e3o Cl\u00ednica: Maria Wilma Faria<\/li>\n<li>Diretora de Ensino: K\u00e1tia de Oliveira Mari\u00e1s<\/li>\n<\/ul>\n<p><strong>CONSELHO DO IPSM-MG<\/strong><\/p>\n<ul>\n<li>Fernando Casula<\/li>\n<li>Andr\u00e9a Eul\u00e1lio<\/li>\n<li>L\u00e1zaro Elias Rosa<\/li>\n<li>Patr\u00edcia Teixeira Ribeiro<\/li>\n<li>M\u00e1rcia Mez\u00eancio<\/li>\n<li>Paula Ramos Pimenta<\/li>\n<\/ul>\n<p><strong>CONSELHO EDITORIALDA PUBLICA\u00c7\u00c3O<\/strong><\/p>\n<ul>\n<li>Lilany Pacheco<\/li>\n<li>Musso Greco (Consultor)<\/li>\n<li>Simone Souto<\/li>\n<\/ul>\n<p><strong>EQUIPE DE PUBLICA\u00c7\u00c3O<\/strong><\/p>\n<ul>\n<li>Ana Helena de Souza<\/li>\n<li>Beatriz Esp\u00edrito Santo<\/li>\n<li>Daniela Gontijo de Souza<\/li>\n<li>Ernesto Anzalone<\/li>\n<li>Geisla Fran\u00e7a Let\u00edcia Mello<\/li>\n<li>Let\u00edcia Mello<\/li>\n<li>M\u00e1rcia Bandeira<\/li>\n<li>Maria Rita Guimar\u00e3es (Diretora de publica\u00e7\u00e3o)<\/li>\n<li>Rodrigo Almeida<\/li>\n<li>Rodrigo da Matta Machado<\/li>\n<\/ul>\n<p><strong>REVISORA:<\/strong><\/p>\n<ul>\n<li>Silvia P. Barbosa<\/li>\n<\/ul>\n<p><strong>EDITORA\u00c7\u00c3O:<\/strong><\/p>\n<ul>\n<li>Bruno Senna &#8211; <a href=\"mailto:sennabruno@gmail.com\">sennabruno@gmail.com<\/a><\/li>\n<\/ul>\n<p>[\/vc_column_text][\/vc_column][\/vc_row]<\/p>\n<\/div>","protected":false},"excerpt":{"rendered":"<p>[vc_row bg_type=&#8221;image&#8221; parallax_style=&#8221;vcpb-vz-jquery&#8221; bg_image_new=&#8221;id^58473|url^https:\/\/institutopsicanalise-mg.com.br\/revista_almanaque\/wp-content\/uploads\/2025\/12\/letter_texture006.png|caption^null|alt^null|title^letter_texture006|description^null&#8221; bg_image_repeat=&#8221;no-repeat&#8221; bg_override=&#8221;full&#8221; enable_overlay=&#8221;enable_overlay_value&#8221; overlay_color=&#8221;#FFFFFF00&#8243; overlay_pattern=&#8221;transperant&#8221; overlay_pattern_opacity=&#8221;25&#8243; type=&#8221;vc_default&#8221; margin_top=&#8221;-50&#8243; css=&#8221;.vc_custom_1765705518146{margin-top: -80px !important;padding-top: 8% !important;padding-bottom: 8% !important;background-color: #000000 !important;}&#8221;][vc_column offset=&#8221;vc_col-lg-12 vc_col-md-12&#8243; css=&#8221;.vc_custom_1476030031960{padding-bottom: 10px !important;}&#8221;][\/vc_column][\/vc_row][vc_row][vc_column][vc_column_text css=&#8221;&#8221;] Expediente da revista Almanaque\u00a0 Revista Almanaque On-line \u00e9 uma publica\u00e7\u00e3o do Instituto de Psican\u00e1lise e Sa\u00fade Mental de Minas Gerais \u2013 IPSM-MG. Periodicidade: Semestral &#8211; ISSN:\u00a01982-5617 A reprodu\u00e7\u00e3o&hellip;<\/p>\n","protected":false},"author":1,"featured_media":0,"parent":0,"menu_order":0,"comment_status":"closed","ping_status":"closed","template":"","meta":{"footnotes":""},"class_list":["post-58270","page","type-page","status-publish","hentry","description-off"],"_links":{"self":[{"href":"https:\/\/institutopsicanalise-mg.com.br\/revista_almanaque\/index.php\/wp-json\/wp\/v2\/pages\/58270","targetHints":{"allow":["GET"]}}],"collection":[{"href":"https:\/\/institutopsicanalise-mg.com.br\/revista_almanaque\/index.php\/wp-json\/wp\/v2\/pages"}],"about":[{"href":"https:\/\/institutopsicanalise-mg.com.br\/revista_almanaque\/index.php\/wp-json\/wp\/v2\/types\/page"}],"author":[{"embeddable":true,"href":"https:\/\/institutopsicanalise-mg.com.br\/revista_almanaque\/index.php\/wp-json\/wp\/v2\/users\/1"}],"replies":[{"embeddable":true,"href":"https:\/\/institutopsicanalise-mg.com.br\/revista_almanaque\/index.php\/wp-json\/wp\/v2\/comments?post=58270"}],"version-history":[{"count":12,"href":"https:\/\/institutopsicanalise-mg.com.br\/revista_almanaque\/index.php\/wp-json\/wp\/v2\/pages\/58270\/revisions"}],"predecessor-version":[{"id":58720,"href":"https:\/\/institutopsicanalise-mg.com.br\/revista_almanaque\/index.php\/wp-json\/wp\/v2\/pages\/58270\/revisions\/58720"}],"wp:attachment":[{"href":"https:\/\/institutopsicanalise-mg.com.br\/revista_almanaque\/index.php\/wp-json\/wp\/v2\/media?parent=58270"}],"curies":[{"name":"wp","href":"https:\/\/api.w.org\/{rel}","templated":true}]}}