{"id":58327,"date":"2025-12-12T19:46:34","date_gmt":"2025-12-12T22:46:34","guid":{"rendered":"https:\/\/institutopsicanalise-mg.com.br\/revista_almanaque\/?page_id=58327"},"modified":"2026-03-02T15:30:44","modified_gmt":"2026-03-02T18:30:44","slug":"home","status":"publish","type":"page","link":"https:\/\/institutopsicanalise-mg.com.br\/revista_almanaque\/","title":{"rendered":"HOME"},"content":{"rendered":"<div class=\"wpb-content-wrapper\"><p>[vc_row css=&#8221;.vc_custom_1765621809225{margin-top: -80px !important;}&#8221;][vc_column]\n\t\t\t\t<p class=\"rs-p-wp-fix\"><\/p>\n\t\t\t\t<sr7-module data-alias=\"slider-1\" data-id=\"4\" id=\"SR7_4_1\" class=\"rs-ov-hidden\" data-version=\"6.7.38\">\n\t\t\t\t\t<sr7-adjuster><\/sr7-adjuster>\n\t\t\t\t\t<sr7-content>\n\t\t\t\t\t\t<sr7-slide id=\"SR7_4_1-12\" data-key=\"12\">\n\t\t\t\t\t\t\t<sr7-bg id=\"SR7_4_1-12-5\" class=\"sr7-layer\"><noscript><img decoding=\"async\" src=\"https:\/\/institutopsicanalise-mg.com.br\/revista_almanaque\/wp-content\/uploads\/2025\/12\/bg_banner-scaled.png\" alt=\"\" title=\"bg_banner\"><\/noscript><\/sr7-bg>\n\t\t\t\t\t\t\t<sr7-txt id=\"SR7_4_1-12-1\" class=\"sr7-layer\">Almanaque On-line <\/sr7-txt>\n\t\t\t\t\t\t\t<sr7-txt id=\"SR7_4_1-12-2\" class=\"sr7-layer\">Mar\u00e7o\/2026 \u2013 N\u00ba 36<\/sr7-txt>\n\t\t\t\t\t\t\t<a id=\"SR7_4_1-12-3\" class=\"sr7-layer\" href=\"https:\/\/institutopsicanalise-mg.com.br\/revista_almanaque\/index.php\/2026\/03\/01\/almanaque-on-line-marco-2026-no-36\/\" target=\"_self\">LEIA MAIS<\/a>\n\t\t\t\t\t\t\t<a id=\"SR7_4_1-12-4\" class=\"sr7-layer\" href=\"https:\/\/institutopsicanalise-mg.com.br\/revista_almanaque\/wp-content\/uploads\/2026\/03\/ALMANAQUE-36.pdf\" target=\"_self\">DOWNLOAD PDF<\/a>\n\t\t\t\t\t\t<\/sr7-slide>\n\t\t\t\t\t\t<sr7-slide id=\"SR7_4_1-13\" data-key=\"13\">\n\t\t\t\t\t\t<\/sr7-slide>\n\t\t\t\t\t<\/sr7-content>\n\t\t\t\t\t<image_lists style=\"display:none\">\n\t\t\t\t\t\t<img data-src=\"\/\/institutopsicanalise-mg.com.br\/revista_almanaque\/wp-content\/uploads\/2026\/03\/almanaque36-1-scaled.png\" data-libid=\"58722\" data-lib=\"medialibrary\" title=\"almanaque36\" width=\"0\" height=\"0\" data-dbsrc=\"Ly9pbnN0aXR1dG9wc2ljYW5hbGlzZS1tZy5jb20uYnIvcmV2aXN0YV9hbG1hbmFxdWUvd3AtY29udGVudC91cGxvYWRzLzIwMjYvMDMvYWxtYW5hcXVlMzYtMS1zY2FsZWQucG5n\"\/>\n\t\t\t\t\t\t<img data-src=\"\/\/institutopsicanalise-mg.com.br\/revista_almanaque\/wp-content\/uploads\/2025\/12\/bg_banner-scaled.png\" data-libid=\"58446\" data-lib=\"medialibrary\" title=\"bg_banner\" width=\"0\" height=\"0\" data-dbsrc=\"Ly9pbnN0aXR1dG9wc2ljYW5hbGlzZS1tZy5jb20uYnIvcmV2aXN0YV9hbG1hbmFxdWUvd3AtY29udGVudC91cGxvYWRzLzIwMjUvMTIvYmdfYmFubmVyLXNjYWxlZC5wbmc=\"\/>\n\t\t\t\t\t<\/image_lists>\n\t\t\t\t<\/sr7-module>\n\t\t\t\t<script>\n\t\t\t\t\tSR7.PMH ??={}; SR7.PMH[\"SR7_4_1\"] = {cn:100,state:false,fn: function() { if (_tpt!==undefined && _tpt.prepareModuleHeight !== undefined) {  _tpt.prepareModuleHeight({id:\"SR7_4_1\",el:[750,750,750,750,520],type:'standard',shdw:'0',gh:[750,750,750,750,520],gw:[1240,1240,1240,1240,480],vpt:['-100px&#039;,&#039;-100px&#039;,&#039;-100px&#039;,&#039;-100px&#039;,&#039;-100px'],size:{fullWidth:true, fullHeight:false},mh:'0',onh:0,onw:0,bg:{color:'{\"orig\":\"transparent\",\"type\":\"solid\",\"string\":\"transparent\"}'}});   SR7.PMH[\"SR7_4_1\"].state=true;} else if(SR7.PMH[\"SR7_4_1\"].cn-->0)\tsetTimeout( SR7.PMH[\"SR7_4_1\"].fn,19);}};SR7.PMH[\"SR7_4_1\" ].fn();\n\t\t\t\t<\/script>\n[\/vc_column][\/vc_row][vc_row full_width=&#8221;stretch_row&#8221; bg_type=&#8221;image&#8221; parallax_style=&#8221;vcpb-vz-jquery&#8221;][vc_column][vc_empty_space height=&#8221;100px&#8221;][vc_text_separator title=&#8221;N\u00daMERO ATUAL&#8221; color=&#8221;black&#8221; border_width=&#8221;2&#8243; css=&#8221;&#8221;][vc_empty_space][vc_row_inner][vc_column_inner width=&#8221;1\/2&#8243;][vc_column_text css=&#8221;&#8221;]<\/p>\n<h1 class=\"entry-title\">Almanaque On-line \u2013 Mar\u00e7o\/2026 \u2013 N\u00ba 36<\/h1>\n<p>[\/vc_column_text][vc_empty_space height=&#8221;15px&#8221;][vc_column_text css=&#8221;&#8221;]<\/p>\n<h5><strong><em>Maria Rita Guimar\u00e3es \u2013 EBP\/AMP<\/em><\/strong><\/h5>\n<p>Caro leitor,<\/p>\n<p>Eis uma nova edi\u00e7\u00e3o da revista: a de n\u00famero 36. Com ela, inaugura-se um novo espa\u00e7o, exclusivo para Almanaque On-line. Espa\u00e7o pensado e constru\u00eddo para receber sua presen\u00e7a, seu tempo de leitura e seu amor de transfer\u00eancia aos textos que nos legaram Freud e Lacan \u2013 primeiramente \u2013, seguidos da escrita, cada um com seu estilo, de colegas analistas da comunidade lacaniana, que se orientam pelo esfor\u00e7o inestim\u00e1vel de Jacques Alain-Miller. O Instituto de Psican\u00e1lise e Sa\u00fade Mental de Minas Gerais (IPSM-MG), respons\u00e1vel pela publica\u00e7\u00e3o de Almanaque On-line, agradece a cada trabalhador pela causa psicanal\u00edtica de orienta\u00e7\u00e3o lacaniana.[\/vc_column_text]<style type=\"text\/css\" data-type=\"the7_shortcodes-inline-css\">#default-btn-7ea22833c40853f87ae222d7d1fa2d77.ico-right-side > i {\n  margin-right: 0px;\n  margin-left: 8px;\n}\n#default-btn-7ea22833c40853f87ae222d7d1fa2d77 > i {\n  margin-right: 8px;\n}<\/style><a href=\"https:\/\/institutopsicanalise-mg.com.br\/revista_almanaque\/index.php\/2026\/03\/01\/almanaque-on-line-marco-2026-no-36\/\" class=\"default-btn-shortcode dt-btn dt-btn-s link-hover-off ico-right-side btn-inline-left \" id=\"default-btn-7ea22833c40853f87ae222d7d1fa2d77\" style=\"width:150px;\" title=\"Almanaque On-line \u2013 Julho\/2025 \u2013 N\u00ba 35\"><span>LEIA MAIS<\/span><i class=\"icomoon-the7-font-the7-plus-09\"><\/i><\/a><style type=\"text\/css\" data-type=\"the7_shortcodes-inline-css\">#default-btn-09867484e9d534da2e27b3c085308e04.ico-right-side > i {\n  margin-right: 0px;\n  margin-left: 8px;\n}\n#default-btn-09867484e9d534da2e27b3c085308e04 > i {\n  margin-right: 8px;\n}<\/style><a href=\"https:\/\/institutopsicanalise-mg.com.br\/revista_almanaque\/wp-content\/uploads\/2026\/03\/ALMANAQUE-36.pdf\" class=\"default-btn-shortcode dt-btn dt-btn-s link-hover-off ico-right-side btn-inline-left  vc_custom_1772476202678\" id=\"default-btn-09867484e9d534da2e27b3c085308e04\" style=\"width:200px;\" title=\"Almanaque On-line \u2013 Julho\/2025 \u2013 N\u00ba 35\"><span>DOWNLOAD PDF<\/span><i class=\"far fa-file-pdf\"><\/i><\/a>[\/vc_column_inner][vc_column_inner width=&#8221;1\/2&#8243;][vc_empty_space height=&#8221;20&#8243;][vc_single_image image=&#8221;58715&#8243; img_size=&#8221;full&#8221; css=&#8221;&#8221;][\/vc_column_inner][\/vc_row_inner][vc_empty_space height=&#8221;100px&#8221;][\/vc_column][\/vc_row][vc_row full_width=&#8221;stretch_row&#8221; bg_type=&#8221;image&#8221; parallax_style=&#8221;vcpb-vz-jquery&#8221; bg_image_new=&#8221;id^58415|url^https:\/\/institutopsicanalise-mg.com.br\/revista_almanaque\/wp-content\/uploads\/2025\/12\/paper_texture.jpg|caption^null|alt^null|title^paper_texture|description^null&#8221; css=&#8221;.vc_custom_1765623703175{background-color: #E2E2E2 !important;}&#8221;][vc_column][vc_empty_space height=&#8221;15px&#8221;][vc_text_separator title=&#8221;N\u00daMERO ANTERIORES&#8221; color=&#8221;black&#8221; border_width=&#8221;2&#8243; css=&#8221;&#8221;][vc_empty_space]<style type=\"text\/css\" data-type=\"the7_shortcodes-inline-css\">.carousel-shortcode.carousel-shortcode-id-5a5b5f4273b3d8c5a33b1ac107e597a8.owl-carousel .owl-nav div {\n  width: 36px;\n  height: 36px;\n  border-radius: 500px;\n}\n.dt-arrow-border-on.carousel-shortcode.carousel-shortcode-id-5a5b5f4273b3d8c5a33b1ac107e597a8.owl-carousel .owl-nav div:not(:hover):before {\n  border-width: 0px;\n}\n.dt-arrow-hover-border-on.carousel-shortcode.carousel-shortcode-id-5a5b5f4273b3d8c5a33b1ac107e597a8.owl-carousel .owl-nav div:hover:after {\n  border-width: 0px;\n}\n.carousel-shortcode.carousel-shortcode-id-5a5b5f4273b3d8c5a33b1ac107e597a8.owl-carousel .owl-nav div.owl-prev {\n  top: 50%;\n  transform: translateY(calc(-50% + 0px));\n  left: -43px;\n}\n@media all and (-ms-high-contrast: none) {\n  .carousel-shortcode.carousel-shortcode-id-5a5b5f4273b3d8c5a33b1ac107e597a8.owl-carousel .owl-nav div.owl-prev {\n    transform: translateY(-50%);\n    margin-top: 0px;\n  }\n}\n.carousel-shortcode.carousel-shortcode-id-5a5b5f4273b3d8c5a33b1ac107e597a8.owl-carousel .owl-nav div.owl-prev i {\n  padding: 0px 0px 0px 0px;\n}\n.carousel-shortcode.carousel-shortcode-id-5a5b5f4273b3d8c5a33b1ac107e597a8.owl-carousel .owl-nav div.owl-next {\n  top: 50%;\n  transform: translateY(calc(-50% + 0px));\n  right: -43px;\n}\n@media all and (-ms-high-contrast: none) {\n  .carousel-shortcode.carousel-shortcode-id-5a5b5f4273b3d8c5a33b1ac107e597a8.owl-carousel .owl-nav div.owl-next {\n    transform: translateY(-50%);\n    margin-top: 0px;\n  }\n}\n.carousel-shortcode.carousel-shortcode-id-5a5b5f4273b3d8c5a33b1ac107e597a8.owl-carousel .owl-nav div.owl-next i {\n  padding: 0px 0px 0px 0px;\n}\n.carousel-shortcode.carousel-shortcode-id-5a5b5f4273b3d8c5a33b1ac107e597a8.owl-carousel .owl-nav i {\n  font-size: 18px;\n}\n.carousel-shortcode.carousel-shortcode-id-5a5b5f4273b3d8c5a33b1ac107e597a8.owl-carousel .owl-nav div:not(:hover) i,\n.carousel-shortcode.carousel-shortcode-id-5a5b5f4273b3d8c5a33b1ac107e597a8.owl-carousel .owl-nav div:not(:hover) i:before {\n  color: #ffffff;\n  background: none;\n}\n.carousel-shortcode.carousel-shortcode-id-5a5b5f4273b3d8c5a33b1ac107e597a8.owl-carousel .owl-nav div:hover i,\n.carousel-shortcode.carousel-shortcode-id-5a5b5f4273b3d8c5a33b1ac107e597a8.owl-carousel .owl-nav div:hover i:before {\n  color: rgba(255,255,255,0.75);\n  background: none;\n}\n.carousel-shortcode.carousel-shortcode-id-5a5b5f4273b3d8c5a33b1ac107e597a8 .owl-dots {\n  top: calc(100% + 20px);\n  left: 50%;\n  transform: translateX(calc(-50% + 0px));\n}\n@media all and (-ms-high-contrast: none) {\n  .carousel-shortcode.carousel-shortcode-id-5a5b5f4273b3d8c5a33b1ac107e597a8 .owl-dots {\n    transform: translateX(-50%);\n    margin-left: 0px;\n  }\n}\n.carousel-shortcode.carousel-shortcode-id-5a5b5f4273b3d8c5a33b1ac107e597a8 .owl-dot {\n  width: 10px;\n  height: 10px;\n  margin: 0 8px;\n}\n@media screen and (max-width: 778px) {\n  .carousel-shortcode.carousel-shortcode-id-5a5b5f4273b3d8c5a33b1ac107e597a8.hide-arrows .owl-nav a {\n    display: none;\n  }\n}\n@media screen and (max-width: 778px) {\n  .carousel-shortcode.carousel-shortcode-id-5a5b5f4273b3d8c5a33b1ac107e597a8.reposition-arrows .owl-nav div.owl-prev {\n    top: 50%;\n    transform: translateY(calc(-50% + 0px));\n    left: 10px;\n  }\n  .carousel-shortcode.carousel-shortcode-id-5a5b5f4273b3d8c5a33b1ac107e597a8.reposition-arrows .owl-nav div.owl-next {\n    top: 50%;\n    transform: translateY(calc(-50% + 0px));\n    right: 10px;\n  }\n}\n@media screen and (max-width: 778px) and all and (-ms-high-contrast: none) {\n  .carousel-shortcode.carousel-shortcode-id-5a5b5f4273b3d8c5a33b1ac107e597a8.reposition-arrows .owl-nav div.owl-prev {\n    transform: translateY(-50%);\n    margin-top: 0px;\n  }\n}\n@media screen and (max-width: 778px) and all and (-ms-high-contrast: none) {\n  .carousel-shortcode.carousel-shortcode-id-5a5b5f4273b3d8c5a33b1ac107e597a8.reposition-arrows .owl-nav div.owl-next {\n    transform: translateY(-50%);\n    margin-top: 0px;\n  }\n}<\/style><div class=\"owl-carousel carousel-shortcode dt-owl-carousel-call carousel-shortcode-id-5a5b5f4273b3d8c5a33b1ac107e597a8 bullets-small-dot-stroke reposition-arrows arrows-bg-on dt-arrow-border-on dt-arrow-hover-border-on disable-arrows-hover-bg arrows-hover-bg-on  \" data-scroll-mode=\"1\" data-col-num=\"3\" data-wide-col-num=\"4\" data-laptop-col=\"3\" data-h-tablet-columns-num=\"3\" data-v-tablet-columns-num=\"2\" data-phone-columns-num=\"1\" data-auto-height=\"true\" data-col-gap=\"30\" data-stage-padding=\"0\" data-speed=\"600\" data-autoplay=\"true\" data-autoplay_speed=\"3000\" data-arrows=\"true\" data-bullet=\"false\" data-next-icon=\"icon-ar-017-r\" data-prev-icon=\"icon-ar-017-l\">[vc_hoverbox image=&#8221;58715&#8243; primary_title=&#8221;&#8221; hover_title=&#8221;Almanaque&#8221; hover_title_use_theme_fonts=&#8221;yes&#8221; hover_title_css_animation=&#8221;flipInX&#8221; hover_btn_title=&#8221;LEIA MAIS&#8221; hover_btn_color=&#8221;primary&#8221; use_custom_fonts_hover_title=&#8221;true&#8221; hover_add_button=&#8221;true&#8221; hover_btn_link=&#8221;url:https%3A%2F%2Finstitutopsicanalise-mg.com.br%2Frevista_almanaque%2Findex.php%2F2026%2F03%2F01%2Falmanaque-on-line-marco-2026-no-36%2F&#8221;]<\/p>\n<p class=\"entry-title\" style=\"text-align: center;\">1\u00ba semestre de 2026<br \/>\nN\u00ba 36<\/p>\n<p>[\/vc_hoverbox][vc_hoverbox image=&#8221;58331&#8243; primary_title=&#8221;&#8221; hover_title=&#8221;Almanaque&#8221; hover_title_use_theme_fonts=&#8221;yes&#8221; hover_title_css_animation=&#8221;flipInX&#8221; hover_btn_title=&#8221;LEIA MAIS&#8221; hover_btn_color=&#8221;primary&#8221; use_custom_fonts_hover_title=&#8221;true&#8221; hover_add_button=&#8221;true&#8221; hover_btn_link=&#8221;url:https%3A%2F%2Finstitutopsicanalise-mg.com.br%2Frevista_almanaque%2Findex.php%2F2025%2F08%2F05%2Falmanaque-on-line-marco-2025-no-35%2F&#8221;]<\/p>\n<p class=\"entry-title\" style=\"text-align: center;\">2\u00ba semestre de 2025<br \/>\nN\u00ba 35<\/p>\n<p>[\/vc_hoverbox][vc_hoverbox image=&#8221;58321&#8243; primary_title=&#8221;&#8221; hover_title=&#8221;Almanaque&#8221; hover_title_use_theme_fonts=&#8221;yes&#8221; hover_title_css_animation=&#8221;flipInX&#8221; hover_btn_title=&#8221;LEIA MAIS&#8221; hover_btn_color=&#8221;primary&#8221; use_custom_fonts_hover_title=&#8221;true&#8221; hover_add_button=&#8221;true&#8221; hover_btn_link=&#8221;url:https%3A%2F%2Finstitutopsicanalise-mg.com.br%2Frevista_almanaque%2Findex.php%2F2025%2F03%2F10%2Falmanaque-on-line-marco-2025-no-34%2F&#8221;]<\/p>\n<p class=\"entry-title\" style=\"text-align: center;\">1\u00ba semestre de 2025<br \/>\nN\u00ba 34<\/p>\n<p>[\/vc_hoverbox][vc_hoverbox image=&#8221;58320&#8243; primary_title=&#8221;&#8221; hover_title=&#8221;Almanaque&#8221; hover_title_use_theme_fonts=&#8221;yes&#8221; hover_title_css_animation=&#8221;flipInX&#8221; hover_btn_title=&#8221;LEIA MAIS&#8221; hover_btn_color=&#8221;primary&#8221; use_custom_fonts_hover_title=&#8221;true&#8221; hover_add_button=&#8221;true&#8221; hover_btn_link=&#8221;url:https%3A%2F%2Finstitutopsicanalise-mg.com.br%2Frevista_almanaque%2Findex.php%2F2024%2F08%2F05%2Falmanaque-on-line-agosto-2024-no-33%2F&#8221;]<\/p>\n<p class=\"entry-title\" style=\"text-align: center;\">2\u00ba semestre de 2024<br \/>\nN\u00ba 33<\/p>\n<p>[\/vc_hoverbox][vc_hoverbox image=&#8221;58318&#8243; primary_title=&#8221;&#8221; hover_title=&#8221;Almanaque&#8221; hover_title_use_theme_fonts=&#8221;yes&#8221; hover_title_css_animation=&#8221;flipInX&#8221; hover_btn_title=&#8221;LEIA MAIS&#8221; hover_btn_color=&#8221;primary&#8221; use_custom_fonts_hover_title=&#8221;true&#8221; hover_add_button=&#8221;true&#8221; hover_btn_link=&#8221;url:https%3A%2F%2Finstitutopsicanalise-mg.com.br%2Frevista_almanaque%2Findex.php%2F2024%2F02%2F19%2Falmanaque-on-line-marco-2024-no-32%2F&#8221;]<\/p>\n<p class=\"entry-title\" style=\"text-align: center;\">2\u00ba semestre de 2024<br \/>\nN\u00ba 32<\/p>\n<p>[\/vc_hoverbox][vc_hoverbox image=&#8221;58317&#8243; primary_title=&#8221;&#8221; hover_title=&#8221;Almanaque&#8221; hover_title_use_theme_fonts=&#8221;yes&#8221; hover_title_css_animation=&#8221;flipInX&#8221; hover_btn_title=&#8221;LEIA MAIS&#8221; hover_btn_color=&#8221;primary&#8221; use_custom_fonts_hover_title=&#8221;true&#8221; hover_add_button=&#8221;true&#8221; hover_btn_link=&#8221;url:https%3A%2F%2Finstitutopsicanalise-mg.com.br%2Frevista_almanaque%2Findex.php%2F2023%2F08%2F17%2Falmanaque-on-line-agosto-2023-no-31%2F&#8221;]<\/p>\n<p class=\"entry-title\" style=\"text-align: center;\">2\u00ba semestre de 2023<br \/>\nN\u00ba 31<\/p>\n<p>[\/vc_hoverbox][vc_hoverbox image=&#8221;58316&#8243; primary_title=&#8221;&#8221; hover_title=&#8221;Almanaque&#8221; hover_title_use_theme_fonts=&#8221;yes&#8221; hover_title_css_animation=&#8221;flipInX&#8221; hover_btn_title=&#8221;LEIA MAIS&#8221; hover_btn_color=&#8221;primary&#8221; use_custom_fonts_hover_title=&#8221;true&#8221; hover_add_button=&#8221;true&#8221; hover_btn_link=&#8221;url:https%3A%2F%2Finstitutopsicanalise-mg.com.br%2Frevista_almanaque%2Findex.php%2F2023%2F03%2F18%2Falmanaque-on-line-marco-2023-no-30%2F&#8221;]<\/p>\n<p class=\"entry-title\" style=\"text-align: center;\">1\u00ba semestre de 2023<br \/>\nN\u00ba 30<\/p>\n<p>[\/vc_hoverbox][vc_hoverbox image=&#8221;58315&#8243; primary_title=&#8221;&#8221; hover_title=&#8221;Almanaque&#8221; hover_title_use_theme_fonts=&#8221;yes&#8221; hover_title_css_animation=&#8221;flipInX&#8221; hover_btn_title=&#8221;LEIA MAIS&#8221; hover_btn_color=&#8221;primary&#8221; use_custom_fonts_hover_title=&#8221;true&#8221; hover_add_button=&#8221;true&#8221; hover_btn_link=&#8221;url:https%3A%2F%2Finstitutopsicanalise-mg.com.br%2Frevista_almanaque%2Findex.php%2F2022%2F07%2F18%2Falmanaque-on-line-agosto-2022-no-29-v-16%2F&#8221;]<\/p>\n<p class=\"entry-title\" style=\"text-align: center;\"><span data-ccp-props=\"{&quot;201341983&quot;:0,&quot;335551550&quot;:3,&quot;335551620&quot;:3,&quot;335559738&quot;:120,&quot;335559740&quot;:240}\">2\u00ba semestre de 2022<br \/>\n<\/span><span data-ccp-props=\"{&quot;201341983&quot;:0,&quot;335551550&quot;:3,&quot;335551620&quot;:3,&quot;335559738&quot;:120,&quot;335559740&quot;:240}\">N\u00ba 29<\/span><\/p>\n<p>[\/vc_hoverbox]<\/div>[vc_empty_space height=&#8221;45px&#8221;][\/vc_column][\/vc_row][vc_row full_width=&#8221;stretch_row&#8221;][vc_column][vc_empty_space height=&#8221;60px&#8221;][vc_text_separator title=&#8221;ENTRE EM CONTATO!&#8221; color=&#8221;black&#8221; border_width=&#8221;2&#8243; css=&#8221;&#8221;][vc_empty_space][vc_row_inner][vc_column_inner width=&#8221;1\/2&#8243;][vc_column_text css=&#8221;&#8221;]<\/p>\n<h3><span style=\"color: #003366;\">ENVIE UMA MENSAGEM!<\/span><\/h3>\n<p>[\/vc_column_text][vc_single_image image=&#8221;58411&#8243; img_size=&#8221;full&#8221; css=&#8221;&#8221;]<div id=\"uvc-type-wrap-4472\"  data-ultimate-target='#uvc-type-wrap-4472'  data-responsive-json-new='{\"font-size\":\"\",\"line-height\":\"\"}'  class=\"uvc-type-wrap  ult-adjust-bottom-margin ult-responsive  uvc-type-align-left uvc-type-no-prefix uvc-wrap-93866198369e453093aa97\" style=\"text-align:left;\"><span id=\"typed-93866198369e453093aa97\" class=\"ultimate-typed-main \" style=\" font-family:&#039;Roboto&#039;;font-weight:normal; text-transform: unset;\"><\/span><script type=\"text\/javascript\">\n\t\t\t\t\t\tjQuery(function($){ \n\t\t\t\t\t\t\t$(document).ready(function(){\n\t\t\t\t\t\t\t\tif( typeof jQuery(\"#typed-93866198369e453093aa97\").typed == \"function\"){\n\t\t\t\t\t\t\t\t\t$(\"#typed-93866198369e453093aa97\").typed({\n\t\t\t\t\t\t\t\t\t\tstrings: [\"Queremos ouvir sua voz! Compartilhe ideias, sugest\u00f5es de pautas ou feedbacks conosco. Sua participa\u00e7\u00e3o \u00e9 o que faz nossa revista crescer e se transformar a cada edi\u00e7\u00e3o. Preencha o formul\u00e1rio abaixo e fale com nossa equipe. Estamos prontos para ler o que voc\u00ea tem a dizer!\"],\n\t\t\t\t\t\t\t\t\t\ttypeSpeed: 5,\n\t\t\t\t\t\t\t\t\t\tbackSpeed: 0,\n\t\t\t\t\t\t\t\t\t\tstartDelay: \"100\",\n\t\t\t\t\t\t\t\t\t\tbackDelay: \"1500\",\n\t\t\t\t\t\t\t\t\t\tloop: false,\n\t\t\t\t\t\t\t\t\t\tloopCount: false,\n\t\t\t\t\t\t\t\t\t\tshowCursor: true,\n\t\t\t\t\t\t\t\t\t\tcursorChar: \"|\",\n\t\t\t\t\t\t\t\t\t\tattr: null\n\t\t\t\t\t\t\t\t\t});\n\t\t\t\t\t\t\t\t}\n\t\t\t\t\t\t\t});\n\t\t\t\t\t\t});\n\t\t\t\t\t<\/script><\/div>[\/vc_column_inner][vc_column_inner width=&#8221;1\/2&#8243;]<form class=\"dt-contact-form dt-form\" method=\"post\"><input type=\"hidden\" name=\"widget_id\" value=\"presscore-contact-form-widget--1\" \/><input type=\"hidden\" name=\"send_message\" value=\"\" \/><input type=\"hidden\" name=\"security_token\" value=\"10559c7369620988af2b\"\/><div class=\"form-fields\"><span class=\"form-name\"><label class=\"assistive-text\">Nome<\/label><input type=\"text\" placeholder=\"Nome\" name=\"name\" value=\"\" aria-required=\"false\">\n<\/span><span class=\"form-mail\"><label class=\"assistive-text\">E-mail<\/label><input type=\"text\" placeholder=\"E-mail\" name=\"email\" value=\"\" aria-required=\"false\">\n<\/span><span class=\"form-telephone\"><label class=\"assistive-text\">Telefone<\/label><input type=\"text\" placeholder=\"Telefone\" name=\"telephone\" value=\"\" aria-required=\"false\">\n<\/span><\/div><span class=\"form-message\"><label class=\"assistive-text\">Mensagem<\/label><textarea placeholder=\"Mensagem\" name=\"message\" rows=\"6\" aria-required=\"false\"><\/textarea>\n<\/span><p><a href=\"#\" class=\"dt-btn dt-btn-m dt-btn-submit\" rel=\"nofollow\"><span>ENVIAR<\/span><\/a><input class=\"assistive-text\" type=\"submit\" value=\"enviar\"><\/p><\/form>\n[\/vc_column_inner][\/vc_row_inner][\/vc_column][\/vc_row]<\/p>\n<\/div>","protected":false},"excerpt":{"rendered":"<p>[vc_row css=&#8221;.vc_custom_1765621809225{margin-top: -80px !important;}&#8221;][vc_column][\/vc_column][\/vc_row][vc_row full_width=&#8221;stretch_row&#8221; bg_type=&#8221;image&#8221; parallax_style=&#8221;vcpb-vz-jquery&#8221;][vc_column][vc_empty_space height=&#8221;100px&#8221;][vc_text_separator title=&#8221;N\u00daMERO ATUAL&#8221; color=&#8221;black&#8221; border_width=&#8221;2&#8243; css=&#8221;&#8221;][vc_empty_space][vc_row_inner][vc_column_inner width=&#8221;1\/2&#8243;][vc_column_text css=&#8221;&#8221;] Almanaque On-line \u2013 Mar\u00e7o\/2026 \u2013 N\u00ba 36 [\/vc_column_text][vc_empty_space height=&#8221;15px&#8221;][vc_column_text css=&#8221;&#8221;] Maria Rita Guimar\u00e3es \u2013 EBP\/AMP Caro leitor, Eis uma nova edi\u00e7\u00e3o da revista: a de n\u00famero 36. Com ela, inaugura-se um novo espa\u00e7o, exclusivo para Almanaque On-line. Espa\u00e7o pensado e&hellip;<\/p>\n","protected":false},"author":1,"featured_media":0,"parent":0,"menu_order":0,"comment_status":"closed","ping_status":"closed","template":"","meta":{"footnotes":""},"class_list":["post-58327","page","type-page","status-publish","hentry","description-off"],"_links":{"self":[{"href":"https:\/\/institutopsicanalise-mg.com.br\/revista_almanaque\/index.php\/wp-json\/wp\/v2\/pages\/58327","targetHints":{"allow":["GET"]}}],"collection":[{"href":"https:\/\/institutopsicanalise-mg.com.br\/revista_almanaque\/index.php\/wp-json\/wp\/v2\/pages"}],"about":[{"href":"https:\/\/institutopsicanalise-mg.com.br\/revista_almanaque\/index.php\/wp-json\/wp\/v2\/types\/page"}],"author":[{"embeddable":true,"href":"https:\/\/institutopsicanalise-mg.com.br\/revista_almanaque\/index.php\/wp-json\/wp\/v2\/users\/1"}],"replies":[{"embeddable":true,"href":"https:\/\/institutopsicanalise-mg.com.br\/revista_almanaque\/index.php\/wp-json\/wp\/v2\/comments?post=58327"}],"version-history":[{"count":79,"href":"https:\/\/institutopsicanalise-mg.com.br\/revista_almanaque\/index.php\/wp-json\/wp\/v2\/pages\/58327\/revisions"}],"predecessor-version":[{"id":58817,"href":"https:\/\/institutopsicanalise-mg.com.br\/revista_almanaque\/index.php\/wp-json\/wp\/v2\/pages\/58327\/revisions\/58817"}],"wp:attachment":[{"href":"https:\/\/institutopsicanalise-mg.com.br\/revista_almanaque\/index.php\/wp-json\/wp\/v2\/media?parent=58327"}],"curies":[{"name":"wp","href":"https:\/\/api.w.org\/{rel}","templated":true}]}}